{"id":737,"date":"2020-03-26T11:06:10","date_gmt":"2020-03-26T11:06:10","guid":{"rendered":"http:\/\/klbtheme.com\/sosso\/?page_id=737"},"modified":"2022-12-20T14:33:51","modified_gmt":"2022-12-20T14:33:51","slug":"about-us","status":"publish","type":"page","link":"https:\/\/cooperativaciodaterra.com.br\/?page_id=737","title":{"rendered":"Sobre n\u00f3s"},"content":{"rendered":"\t\t<div data-elementor-type=\"wp-page\" data-elementor-id=\"737\" class=\"elementor elementor-737\">\n\t\t\t\t\t\t\t\t\t<section class=\"elementor-section elementor-top-section elementor-element elementor-element-e0411dc elementor-section-full_width elementor-section-height-default elementor-section-height-default\" data-id=\"e0411dc\" data-element_type=\"section\">\n\t\t\t\t\t\t<div class=\"elementor-container elementor-column-gap-no\">\n\t\t\t\t\t<div class=\"elementor-column elementor-col-100 elementor-top-column elementor-element elementor-element-1ce4104\" data-id=\"1ce4104\" data-element_type=\"column\">\n\t\t\t<div class=\"elementor-widget-wrap elementor-element-populated\">\n\t\t\t\t\t\t\t\t<div class=\"elementor-element elementor-element-71cd1b1 elementor-widget elementor-widget-sosso-breadcrumb\" data-id=\"71cd1b1\" data-element_type=\"widget\" data-widget_type=\"sosso-breadcrumb.default\">\n\t\t\t\t<div class=\"elementor-widget-container\">\n\t\t\t<section class=\"page-title-area bg_cover d-flex align-items-center\" style=\"background-image: url(http:\/\/cooperativaciodaterra.com.br\/wp-content\/uploads\/2022\/12\/adubo-pegando.jpg)\"><div class=\"container\"><div class=\"row\"><div class=\"col-lg-6\"><div class=\"page-title-content\"><h3 class=\"title\">Nossa Hist\u00f3ria<\/h3><nav aria-label=\"breadcrumb\"><nav aria-label=\"breadcrumb\"><ol class=\"breadcrumb\"><li class=\"breadcrumb-item\"><a  href=\"https:\/\/cooperativaciodaterra.com.br\" title=\"Home\" rel=\"bookmark\">Home<\/a> <\/li>  <\/ol><\/nav><\/nav><\/div><\/div><\/div><\/div><\/section>\t\t<\/div>\n\t\t\t\t<\/div>\n\t\t\t\t\t<\/div>\n\t\t<\/div>\n\t\t\t\t\t\t\t<\/div>\n\t\t<\/section>\n\t\t\t\t<section class=\"elementor-section elementor-top-section elementor-element elementor-element-97ea1e8 elementor-section-content-middle elementor-section-boxed elementor-section-height-default elementor-section-height-default\" data-id=\"97ea1e8\" data-element_type=\"section\">\n\t\t\t\t\t\t<div class=\"elementor-container elementor-column-gap-default\">\n\t\t\t\t\t<div class=\"elementor-column elementor-col-50 elementor-top-column elementor-element elementor-element-2a4ce9d\" data-id=\"2a4ce9d\" data-element_type=\"column\">\n\t\t\t<div class=\"elementor-widget-wrap elementor-element-populated\">\n\t\t\t\t\t\t\t\t<div class=\"elementor-element elementor-element-690e8f9 elementor-widget elementor-widget-sosso-single-image\" data-id=\"690e8f9\" data-element_type=\"widget\" data-widget_type=\"sosso-single-image.default\">\n\t\t\t\t<div class=\"elementor-widget-container\">\n\t\t\t<div class=\"klb-single-image about-info-thumb ml-30 mr-30\"><img decoding=\"async\" src=\"http:\/\/cooperativaciodaterra.com.br\/wp-content\/uploads\/2022\/12\/Logo_cooperarativa_cio_da_terra-semfundo.png\" alt=\"about\"><\/div>\t\t<\/div>\n\t\t\t\t<\/div>\n\t\t\t\t\t<\/div>\n\t\t<\/div>\n\t\t\t\t<div class=\"elementor-column elementor-col-50 elementor-top-column elementor-element elementor-element-8eab006\" data-id=\"8eab006\" data-element_type=\"column\">\n\t\t\t<div class=\"elementor-widget-wrap elementor-element-populated\">\n\t\t\t\t\t\t\t\t<div class=\"elementor-element elementor-element-77733c5 elementor-widget elementor-widget-sosso-custom-title\" data-id=\"77733c5\" data-element_type=\"widget\" data-widget_type=\"sosso-custom-title.default\">\n\t\t\t\t<div class=\"elementor-widget-container\">\n\t\t\t<div class=\"klb-custom-title\"><span>NOSSA HIST\u00d3RIA<\/span><h3 class=\"title\">Desde 2009<\/h3><\/div>\t\t<\/div>\n\t\t\t\t<\/div>\n\t\t\t\t<div class=\"elementor-element elementor-element-72646d9 elementor-widget elementor-widget-text-editor\" data-id=\"72646d9\" data-element_type=\"widget\" data-widget_type=\"text-editor.default\">\n\t\t\t\t<div class=\"elementor-widget-container\">\n\t\t\t<style>\/*! elementor - v3.8.1 - 13-11-2022 *\/\n.elementor-widget-text-editor.elementor-drop-cap-view-stacked .elementor-drop-cap{background-color:#818a91;color:#fff}.elementor-widget-text-editor.elementor-drop-cap-view-framed .elementor-drop-cap{color:#818a91;border:3px solid;background-color:transparent}.elementor-widget-text-editor:not(.elementor-drop-cap-view-default) .elementor-drop-cap{margin-top:8px}.elementor-widget-text-editor:not(.elementor-drop-cap-view-default) .elementor-drop-cap-letter{width:1em;height:1em}.elementor-widget-text-editor .elementor-drop-cap{float:left;text-align:center;line-height:1;font-size:50px}.elementor-widget-text-editor .elementor-drop-cap-letter{display:inline-block}<\/style>\t\t\t\t<p class=\"klb-text\">A Cooperativa Cio da Terra \u00e9 a maior cooperativa de adubos de frango do Centro-Oeste.<\/p><p>Nascemos para unir esfor\u00e7os entre nossos cooperados e nossos objetivos s\u00e3o:<br \/>&#8211; apoio aos cooperados;<\/p><p>&#8211; gerar lucro para os cooperados;<\/p><p>&#8211; ajudar o meio ambiente.<\/p><p>Venha conhecer nossa cooperativa.<\/p><p>Estamos de bra\u00e7os abertos!<\/p>\t\t\t\t\t\t<\/div>\n\t\t\t\t<\/div>\n\t\t\t\t\t<\/div>\n\t\t<\/div>\n\t\t\t\t\t\t\t<\/div>\n\t\t<\/section>\n\t\t\t\t\t\t\t<\/div>\n\t\t","protected":false},"excerpt":{"rendered":"<p>Nossa Hist\u00f3ria Home NOSSA HIST\u00d3RIA Desde 2009 A Cooperativa Cio da Terra \u00e9 a maior cooperativa de adubos de frango do Centro-Oeste. Nascemos para unir esfor\u00e7os entre nossos cooperados e nossos objetivos s\u00e3o:&#8211; apoio aos cooperados; &#8211; gerar lucro para os cooperados; &#8211; ajudar o meio ambiente. Venha conhecer nossa cooperativa. Estamos de bra\u00e7os abertos!<\/p>\n","protected":false},"author":1,"featured_media":0,"parent":0,"menu_order":0,"comment_status":"closed","ping_status":"closed","template":"","meta":{"om_disable_all_campaigns":false,"_mi_skip_tracking":false},"aioseo_notices":[],"_links":{"self":[{"href":"https:\/\/cooperativaciodaterra.com.br\/index.php?rest_route=\/wp\/v2\/pages\/737"}],"collection":[{"href":"https:\/\/cooperativaciodaterra.com.br\/index.php?rest_route=\/wp\/v2\/pages"}],"about":[{"href":"https:\/\/cooperativaciodaterra.com.br\/index.php?rest_route=\/wp\/v2\/types\/page"}],"author":[{"embeddable":true,"href":"https:\/\/cooperativaciodaterra.com.br\/index.php?rest_route=\/wp\/v2\/users\/1"}],"replies":[{"embeddable":true,"href":"https:\/\/cooperativaciodaterra.com.br\/index.php?rest_route=%2Fwp%2Fv2%2Fcomments&post=737"}],"version-history":[{"count":35,"href":"https:\/\/cooperativaciodaterra.com.br\/index.php?rest_route=\/wp\/v2\/pages\/737\/revisions"}],"predecessor-version":[{"id":1528,"href":"https:\/\/cooperativaciodaterra.com.br\/index.php?rest_route=\/wp\/v2\/pages\/737\/revisions\/1528"}],"wp:attachment":[{"href":"https:\/\/cooperativaciodaterra.com.br\/index.php?rest_route=%2Fwp%2Fv2%2Fmedia&parent=737"}],"curies":[{"name":"wp","href":"https:\/\/api.w.org\/{rel}","templated":true}]}}